{"id":496,"date":"2024-09-24T18:10:25","date_gmt":"2024-09-24T18:10:25","guid":{"rendered":"https:\/\/clinicapresage.com.uy\/respaldo\/?page_id=496"},"modified":"2024-10-25T00:47:57","modified_gmt":"2024-10-25T00:47:57","slug":"capilares","status":"publish","type":"page","link":"https:\/\/clinicapresage.com.uy\/respaldo\/capilares\/","title":{"rendered":"Capilares"},"content":{"rendered":"<div class=\"wpb-content-wrapper\">[vc_row full_width=\u00bbstretch_row\u00bb content_placement=\u00bbtop\u00bb column_spacing=\u00bb50&#8243;][vc_column width=\u00bb1\/2&#8243;][vc_column_text css=\u00bb\u00bb color=\u00bb#0a0a0a\u00bb]\n<h2 class=\"wp-block-heading\">Tratamientos capilares<\/h2>\n<ul>\n<li><strong>Fortalecimiento Capilar<\/strong> <em>Repara y fortalece tu cabello desde la ra\u00edz.<\/em> Tratamientos dise\u00f1ados para nutrir el cuero cabelludo y revitalizar los fol\u00edculos, mejorando la salud capilar.<\/li>\n<li><strong>Crecimiento Capilar<\/strong> <em>Estimulaci\u00f3n efectiva para el crecimiento del cabello.<\/em> Utilizamos t\u00e9cnicas avanzadas para activar el crecimiento capilar, logrando resultados visibles y duraderos.<\/li>\n<li><strong>Control de la Ca\u00edda del Cabello<\/strong> <em>Det\u00e9n la ca\u00edda del cabello de forma segura y eficaz.<\/em> Tratamientos que ayudan a frenar la ca\u00edda, reforzando los fol\u00edculos capilares y evitando la p\u00e9rdida prematura.<\/li>\n<li><strong>Revitalizaci\u00f3n Capilar<\/strong> <em>Devu\u00e9lvele el brillo y la vitalidad a tu cabello.<\/em> Procedimientos espec\u00edficos para rehidratar y revitalizar el cabello, haci\u00e9ndolo lucir m\u00e1s saludable y vibrante.<\/li>\n<li><strong>Densificaci\u00f3n Capilar<\/strong> <em>Aumenta el volumen y la densidad de tu cabello.<\/em> Tratamientos que mejoran la densidad capilar, ideal para quienes buscan un cabello m\u00e1s grueso y con mayor volumen.<\/li>\n<\/ul>\n[\/vc_column_text][\/vc_column][vc_column width=\u00bb1\/2&#8243; offset=\u00bbvc_hidden-sm vc_hidden-xs\u00bb]<div class=\"vcex-spacing wpex-w-100 wpex-clear\"><\/div>[vc_video link=\u00bbhttps:\/\/www.youtube.com\/watch?v=CNQtnYeiRyk\u00bb css=\u00bb\u00bb][\/vc_column][\/vc_row][vc_row][vc_column width=\u00bb1\/2&#8243; offset=\u00bbvc_hidden-lg vc_hidden-md\u00bb][vc_video link=\u00bbhttps:\/\/youtube.com\/shorts\/KIpkKqi2dDo?si=tRFaiXoM1oKihluH\u00bb css=\u00bb\u00bb][\/vc_column][\/vc_row][vc_section full_width=\u00bbstretch_row_content\u00bb content_placement=\u00bbmiddle\u00bb wpex_fixed_bg=\u00bbfixed\u00bb el_id=\u00bbRejuvenece tu rostro\u00bb][vc_row][vc_column]<div class=\"vcex-spacing wpex-w-100 wpex-clear\" style=\"height:30px;\"><\/div>[vc_single_image image=\u00bb935&#8243; img_size=\u00bb200x200px\u00bb css_animation=\u00bbfadeInUp\u00bb alignment=\u00bbcenter\u00bb css=\u00bb\u00bb]<div class=\"vcex-spacing wpex-w-100 wpex-clear\" style=\"height:30px;\"><\/div>[vc_custom_heading text=\u00bbEs fundamental realizar una evaluaci\u00f3n m\u00e9dica para determinar la causa exacta\u00bb font_container=\u00bbtag:h3|text_align:center\u00bb use_theme_fonts=\u00bbyes\u00bb css=\u00bb\u00bb][vc_custom_heading text=\u00bby dise\u00f1ar un tratamiento adecuado.\u00bb font_container=\u00bbtag:h2|text_align:center\u00bb use_theme_fonts=\u00bbyes\u00bb css=\u00bb\u00bb][vc_custom_heading text=\u00bbExisten diversas opciones, que incluyen tratamientos t\u00f3picos y terapia l\u00e1ser.\u00bb font_container=\u00bbtag:h4|text_align:center\u00bb use_theme_fonts=\u00bbyes\u00bb css=\u00bb\u00bb][vc_empty_space height=\u00bb1em\u00bb][vc_column_text css=\u00bb.vc_custom_1727985919685{margin-top: 2em !important;margin-bottom: 2em !important;}\u00bb text_align=\u00bbcenter\u00bb]\n<h4>Agenda tu consulta.<\/h4>\n[\/vc_column_text][vc_btn title=\u00bbAgenda hoy por WhatsApp\u00bb style=\u00bboutline-custom\u00bb outline_custom_color=\u00bb#212121&#8243; outline_custom_hover_background=\u00bb#d8d8d8&#8243; outline_custom_hover_text=\u00bb#1970aa\u00bb shape=\u00bbround\u00bb align=\u00bbcenter\u00bb i_align=\u00bbright\u00bb i_icon_fontawesome=\u00bbfab fa-whatsapp\u00bb css=\u00bb.vc_custom_1727984933439{margin-top: 2em !important;margin-bottom: 3em !important;}\u00bb add_icon=\u00bbtrue\u00bb link=\u00bburl:https%3A%2F%2Fwa.link%2Fsv10lk|target:_blank\u00bb]<div class=\"vcex-spacing wpex-w-100 wpex-clear\" style=\"height:30px;\"><\/div>[\/vc_column][\/vc_row][\/vc_section][vc_row full_width=\u00bbstretch_row\u00bb content_placement=\u00bbmiddle\u00bb wpex_bg_overlay=\u00bbcolor\u00bb remove_bottom_col_margin=\u00bbtrue\u00bb wpex_bg_overlay_color=\u00bb#f4f4f4&#8243; css=\u00bb.vc_custom_1727467789208{border-top-width: 1px !important;border-bottom-width: 1px !important;padding-top: 6em !important;padding-bottom: 5em !important;border-top-color: #b5b5b5 !important;border-top-style: solid !important;border-bottom-color: #b5b5b5 !important;border-bottom-style: solid !important;}\u00bb][vc_column css_animation=\u00bbfadeInUp\u00bb width=\u00bb1\/2&#8243;][vc_single_image image=\u00bb935&#8243; img_size=\u00bb220x220px\u00bb css_animation=\u00bbfadeInUp\u00bb alignment=\u00bbcenter\u00bb css=\u00bb.vc_custom_1728009562939{margin-bottom: 20px !important;}\u00bb][vc_custom_heading text=\u00bbAgenda una consulta\u00bb font_container=\u00bbtag:h3|text_align:center\u00bb use_theme_fonts=\u00bbyes\u00bb css=\u00bb\u00bb][vc_custom_heading text=\u00bbsin cargo\u00bb font_container=\u00bbtag:h2|text_align:center\u00bb use_theme_fonts=\u00bbyes\u00bb css=\u00bb\u00bb][vc_column_text css=\u00bb.vc_custom_1727467497132{margin-right: 1em !important;margin-left: 2em !important;}\u00bb text_align=\u00bbcenter\u00bb color=\u00bb#0a0a0a\u00bb]Horario de 9 a 22 hrs y los s\u00e1bados de 10 a 16 hrs.[\/vc_column_text][vc_btn title=\u00bbAgenda hoy por Whatsapp\u00bb style=\u00bboutline-custom\u00bb outline_custom_color=\u00bb#0a0a0a\u00bb outline_custom_hover_background=\u00bb#d8d8d8&#8243; outline_custom_hover_text=\u00bb#1970aa\u00bb shape=\u00bbround\u00bb align=\u00bbcenter\u00bb i_align=\u00bbright\u00bb i_icon_fontawesome=\u00bbfab fa-whatsapp\u00bb css=\u00bb.vc_custom_1729816803707{margin-top: 2em !important;margin-bottom: 3em !important;}\u00bb add_icon=\u00bbtrue\u00bb link=\u00bburl:https%3A%2F%2Fwa.link%2Fsv10lk|target:_blank\u00bb][\/vc_column][vc_column width=\u00bb1\/2&#8243;]\n<div class=\"wpcf7 no-js\" id=\"wpcf7-f266-o1\" lang=\"es-ES\" dir=\"ltr\" data-wpcf7-id=\"266\">\n<div class=\"screen-reader-response\"><p role=\"status\" aria-live=\"polite\" aria-atomic=\"true\"><\/p> <ul><\/ul><\/div>\n<form action=\"\/respaldo\/wp-json\/wp\/v2\/pages\/496#wpcf7-f266-o1\" method=\"post\" class=\"wpcf7-form init\" aria-label=\"Formulario de contacto\" novalidate=\"novalidate\" data-status=\"init\">\n<fieldset class=\"hidden-fields-container\"><input type=\"hidden\" name=\"_wpcf7\" value=\"266\" \/><input type=\"hidden\" name=\"_wpcf7_version\" value=\"6.1\" \/><input type=\"hidden\" name=\"_wpcf7_locale\" value=\"es_ES\" \/><input type=\"hidden\" name=\"_wpcf7_unit_tag\" value=\"wpcf7-f266-o1\" \/><input type=\"hidden\" name=\"_wpcf7_container_post\" value=\"0\" \/><input type=\"hidden\" name=\"_wpcf7_posted_data_hash\" value=\"\" \/><input type=\"hidden\" name=\"_wpcf7_recaptcha_response\" value=\"\" \/>\n<\/fieldset>\n<p><label> <strong>Tu nombre<\/strong><br \/>\n<span class=\"wpcf7-form-control-wrap\" data-name=\"your-name\"><input size=\"40\" maxlength=\"400\" class=\"wpcf7-form-control wpcf7-text wpcf7-validates-as-required\" aria-required=\"true\" aria-invalid=\"false\" placeholder=\"Nombre\" value=\"\" type=\"text\" name=\"your-name\" \/><\/span><br \/>\n<\/label>\n<\/p>\n<p><label> <strong>Tu correo electr\u00f3nico<\/strong><br \/>\n<span class=\"wpcf7-form-control-wrap\" data-name=\"your-email\"><input size=\"40\" maxlength=\"400\" class=\"wpcf7-form-control wpcf7-email wpcf7-validates-as-required wpcf7-text wpcf7-validates-as-email\" aria-required=\"true\" aria-invalid=\"false\" placeholder=\"Correo Electr\u00f3nico\" value=\"\" type=\"email\" name=\"your-email\" \/><\/span><br \/>\n<\/label>\n<\/p>\n<p><label> <strong>Tel\u00e9fono<\/strong><br \/>\n<span class=\"wpcf7-form-control-wrap\" data-name=\"your-phone\"><input size=\"40\" maxlength=\"400\" class=\"wpcf7-form-control wpcf7-tel wpcf7-validates-as-required wpcf7-text wpcf7-validates-as-tel\" aria-required=\"true\" aria-invalid=\"false\" placeholder=\"Tel\u00e9fono o celular\" value=\"\" type=\"tel\" name=\"your-phone\" \/><\/span><br \/>\n<\/label>\n<\/p>\n<p><label> <strong>Localidad<\/strong><br \/>\n<span class=\"wpcf7-form-control-wrap\" data-name=\"your-location\"><input size=\"40\" maxlength=\"400\" class=\"wpcf7-form-control wpcf7-text\" aria-invalid=\"false\" placeholder=\"Localidad\" value=\"\" type=\"text\" name=\"your-location\" \/><\/span><br \/>\n<\/label><br \/>\n<label for=\"text-268\">Motivo de la consulta<\/label><br \/>\n<span class=\"wpcf7-form-control-wrap\" data-name=\"text-268\"><input size=\"40\" maxlength=\"400\" class=\"wpcf7-form-control wpcf7-text wpcf7-validates-as-required\" aria-required=\"true\" aria-invalid=\"false\" value=\"\" type=\"text\" name=\"text-268\" \/><\/span>\n<\/p>\n<p><label> <strong>\u00bfC\u00f3mo prefieres ser contactado\/a?<\/strong><br \/>\n<span class=\"wpcf7-form-control-wrap\" data-name=\"radio-77\"><span class=\"wpcf7-form-control wpcf7-radio\"><span class=\"wpcf7-list-item first\"><label><input type=\"radio\" name=\"radio-77\" value=\"WhatsApp\" checked=\"checked\" \/><span class=\"wpcf7-list-item-label\">WhatsApp<\/span><\/label><\/span><span class=\"wpcf7-list-item last\"><label><input type=\"radio\" name=\"radio-77\" value=\"Tel\u00e9fono\" \/><span class=\"wpcf7-list-item-label\">Tel\u00e9fono<\/span><\/label><\/span><\/span><\/span><br \/>\n<input class=\"wpcf7-form-control wpcf7-submit has-spinner\" type=\"submit\" value=\"Enviar\" \/><\/label>\n<\/p><div class=\"wpcf7-response-output\" aria-hidden=\"true\"><\/div>\n<\/form>\n<\/div>\n[\/vc_column][\/vc_row][vc_section][vc_row full_width=\u00bbstretch_row_content\u00bb equal_height=\u00bbyes\u00bb][vc_column]<div class=\"vcex-image-grid-wrap wpex-clr\"><div class=\"vcex-image-grid-css-wrapper vc_custom_1729738096571\"><div class=\"vcex-module vcex-image-grid grid-style-masonry wpex-row wpex-clr gap-5 vcex-isotope-grid no-transition wpex-overflow-hidden wpex-lightbox-group\" data-transition-duration=\"0.0\"><div class=\"id-1561 vcex-image-grid-entry vcex-grid-item vcex-isotope-entry textcenter span_1_of_4 col col-1\"><figure class=\"vcex-image-grid-entry-figure wpex-last-mb-0 wpex-clr\"><div class=\"vcex-image-grid-entry-img entry-media wpex-rounded-md wpex-mb-20\"><a href=\"https:\/\/clinicapresage.com.uy\/respaldo\/wp-content\/uploads\/2024\/10\/2-copia.jpg\" class=\"vcex-image-grid-entry-link wpex-lightbox-group-item\" ><img width=\"628\" height=\"371\" src=\"https:\/\/clinicapresage.com.uy\/respaldo\/wp-content\/uploads\/2024\/10\/2-copia.jpg\" class=\"wpex-align-middle wpex-rounded-md skip-lazy\" alt=\"\" data-no-lazy=\"1\" srcset=\"https:\/\/clinicapresage.com.uy\/respaldo\/wp-content\/uploads\/2024\/10\/2-copia.jpg 628w, https:\/\/clinicapresage.com.uy\/respaldo\/wp-content\/uploads\/2024\/10\/2-copia-300x177.jpg 300w\" sizes=\"(max-width: 628px) 100vw, 628px\" \/><\/a><\/div><\/figure><\/div><div class=\"id-1562 vcex-image-grid-entry vcex-grid-item vcex-isotope-entry textcenter span_1_of_4 col col-2\"><figure class=\"vcex-image-grid-entry-figure wpex-last-mb-0 wpex-clr\"><div class=\"vcex-image-grid-entry-img entry-media wpex-rounded-md wpex-mb-20\"><a href=\"https:\/\/clinicapresage.com.uy\/respaldo\/wp-content\/uploads\/2024\/10\/4.jpg\" class=\"vcex-image-grid-entry-link wpex-lightbox-group-item\" ><img width=\"879\" height=\"440\" src=\"https:\/\/clinicapresage.com.uy\/respaldo\/wp-content\/uploads\/2024\/10\/4.jpg\" class=\"wpex-align-middle wpex-rounded-md skip-lazy\" alt=\"\" data-no-lazy=\"1\" srcset=\"https:\/\/clinicapresage.com.uy\/respaldo\/wp-content\/uploads\/2024\/10\/4.jpg 879w, https:\/\/clinicapresage.com.uy\/respaldo\/wp-content\/uploads\/2024\/10\/4-300x150.jpg 300w, https:\/\/clinicapresage.com.uy\/respaldo\/wp-content\/uploads\/2024\/10\/4-768x384.jpg 768w\" sizes=\"(max-width: 879px) 100vw, 879px\" \/><\/a><\/div><\/figure><\/div><div class=\"id-1563 vcex-image-grid-entry vcex-grid-item vcex-isotope-entry textcenter span_1_of_4 col col-3\"><figure class=\"vcex-image-grid-entry-figure wpex-last-mb-0 wpex-clr\"><div class=\"vcex-image-grid-entry-img entry-media wpex-rounded-md wpex-mb-20\"><a href=\"https:\/\/clinicapresage.com.uy\/respaldo\/wp-content\/uploads\/2024\/10\/14557742_s.jpg\" class=\"vcex-image-grid-entry-link wpex-lightbox-group-item\" ><img width=\"799\" height=\"599\" src=\"https:\/\/clinicapresage.com.uy\/respaldo\/wp-content\/uploads\/2024\/10\/14557742_s.jpg\" class=\"wpex-align-middle wpex-rounded-md skip-lazy\" alt=\"\" data-no-lazy=\"1\" srcset=\"https:\/\/clinicapresage.com.uy\/respaldo\/wp-content\/uploads\/2024\/10\/14557742_s.jpg 799w, https:\/\/clinicapresage.com.uy\/respaldo\/wp-content\/uploads\/2024\/10\/14557742_s-300x225.jpg 300w, https:\/\/clinicapresage.com.uy\/respaldo\/wp-content\/uploads\/2024\/10\/14557742_s-768x576.jpg 768w\" sizes=\"(max-width: 799px) 100vw, 799px\" \/><\/a><\/div><\/figure><\/div><div class=\"id-1564 vcex-image-grid-entry vcex-grid-item vcex-isotope-entry textcenter span_1_of_4 col col-4\"><figure class=\"vcex-image-grid-entry-figure wpex-last-mb-0 wpex-clr\"><div class=\"vcex-image-grid-entry-img entry-media wpex-rounded-md wpex-mb-20\"><a href=\"https:\/\/clinicapresage.com.uy\/respaldo\/wp-content\/uploads\/2024\/10\/73205947_m.jpg\" class=\"vcex-image-grid-entry-link wpex-lightbox-group-item\" data-caption=\"white background\"><img width=\"2408\" height=\"1742\" src=\"https:\/\/clinicapresage.com.uy\/respaldo\/wp-content\/uploads\/2024\/10\/73205947_m.jpg\" class=\"wpex-align-middle wpex-rounded-md skip-lazy\" alt=\"\" data-no-lazy=\"1\" srcset=\"https:\/\/clinicapresage.com.uy\/respaldo\/wp-content\/uploads\/2024\/10\/73205947_m.jpg 2408w, https:\/\/clinicapresage.com.uy\/respaldo\/wp-content\/uploads\/2024\/10\/73205947_m-300x217.jpg 300w, https:\/\/clinicapresage.com.uy\/respaldo\/wp-content\/uploads\/2024\/10\/73205947_m-1024x741.jpg 1024w, https:\/\/clinicapresage.com.uy\/respaldo\/wp-content\/uploads\/2024\/10\/73205947_m-768x556.jpg 768w, https:\/\/clinicapresage.com.uy\/respaldo\/wp-content\/uploads\/2024\/10\/73205947_m-1536x1111.jpg 1536w, https:\/\/clinicapresage.com.uy\/respaldo\/wp-content\/uploads\/2024\/10\/73205947_m-2048x1482.jpg 2048w\" sizes=\"(max-width: 2408px) 100vw, 2408px\" \/><\/a><\/div><\/figure><\/div><\/div><\/div><\/div>[\/vc_column][\/vc_row][vc_row][vc_column][vc_custom_heading text=\u00bbConoce en detalle nuestros Tratamientos capilares\u00bb font_container=\u00bbtag:h2|text_align:center\u00bb use_theme_fonts=\u00bbyes\u00bb css=\u00bb.vc_custom_1729805335194{margin-top: 2em !important;}\u00bb][\/vc_column][\/vc_row][vc_row][vc_column][vc_column_text css=\u00bb\u00bb text_align=\u00bbcenter\u00bb color=\u00bb#000000&#8243;]A continuaci\u00f3n, te ofrecemos informaci\u00f3n detallada sobre cada uno de nuestros tratamientos. Aunque aqu\u00ed encontrar\u00e1s un resumen de lo que ofrecemos, la mejor manera de determinar el tratamiento adecuado para ti es agendar una <strong>consulta sin cargo<\/strong>\u00a0con nuestros m\u00e9dicos especializados. Ellos podr\u00e1n brindarte un diagn\u00f3stico personalizado.[\/vc_column_text][\/vc_column][\/vc_row][vc_row][vc_column]<div class=\"vcex-module vcex-blog-grid-wrap wpex-clr\"><div class=\"wpex-row vcex-blog-grid wpex-clr entries gap-15 match-height-grid\"><div class=\"vcex-blog-entry vcex-grid-item entry-has-details span_1_of_3 col-1 col post-397 entry type-post has-media cat-3\"><div class=\"vcex-blog-entry-inner entry-inner wpex-first-mt-0 wpex-last-mb-0 wpex-clr\"><div class=\"vcex-blog-entry-media entry-media\"><a href=\"https:\/\/clinicapresage.com.uy\/respaldo\/2024\/09\/23\/alopecias\/\" title=\"Alopecias\" target=\"_blank\" rel=\"noopener noreferrer\"><img width=\"1200\" height=\"800\" src=\"https:\/\/clinicapresage.com.uy\/respaldo\/wp-content\/uploads\/2024\/09\/Alopecia-Androgenica-femenina.jpeg\" class=\"vcex-blog-entry-img wpex-align-middle\" alt=\"\" loading=\"lazy\" decoding=\"async\" srcset=\"https:\/\/clinicapresage.com.uy\/respaldo\/wp-content\/uploads\/2024\/09\/Alopecia-Androgenica-femenina.jpeg 1200w, https:\/\/clinicapresage.com.uy\/respaldo\/wp-content\/uploads\/2024\/09\/Alopecia-Androgenica-femenina-300x200.jpeg 300w, https:\/\/clinicapresage.com.uy\/respaldo\/wp-content\/uploads\/2024\/09\/Alopecia-Androgenica-femenina-1024x683.jpeg 1024w, https:\/\/clinicapresage.com.uy\/respaldo\/wp-content\/uploads\/2024\/09\/Alopecia-Androgenica-femenina-768x512.jpeg 768w\" sizes=\"auto, (max-width: 1200px) 100vw, 1200px\" \/><\/a><\/div><div class=\"vcex-blog-entry-details entry-details wpex-bordered wpex-first-mt-0 wpex-last-mb-0 wpex-clr\"><div class=\"match-height-content\"><h3 class=\"vcex-blog-entry-title entry-title wpex-mb-5\"><a href=\"https:\/\/clinicapresage.com.uy\/respaldo\/2024\/09\/23\/alopecias\/\" target=\"_blank\" rel=\"noopener noreferrer\">Alopecias<\/a><\/h3><div class=\"vcex-blog-entry-excerpt entry-excerpt wpex-my-15 wpex-last-mb-0 wpex-clr\"><p>Alopecias: diagn\u00f3stico y tratamiento para la ca\u00edda del cabello \u23f1&nbsp;Tiempo estimado de lectura: 3 minutos&hellip;<\/p><\/div><div class=\"vcex-blog-entry-readmore-wrap entry-readmore-wrap wpex-my-15 wpex-clr\"><a href=\"https:\/\/clinicapresage.com.uy\/respaldo\/2024\/09\/23\/alopecias\/\" class=\"theme-button minimal-border black\" target=\"_blank\" style=\"padding-block:10px;padding-inline:35px;border-radius:var(--wpex-rounded-lg);\" aria-label=\"Conocer about Alopecias\" rel=\"noopener noreferrer\">Conocer<\/a><\/div><\/div><\/div><\/div><\/div><\/div><\/div>[\/vc_column][\/vc_row][\/vc_section]\n<\/div>","protected":false},"excerpt":{"rendered":"<p>[vc_row full_width=\u00bbstretch_row\u00bb content_placement=\u00bbtop\u00bb column_spacing=\u00bb50&#8243;][vc_column width=\u00bb1\/2&#8243;][vc_column_text css=\u00bb\u00bb color=\u00bb#0a0a0a\u00bb] Tratamientos capilares Fortalecimiento Capilar Repara y fortalece tu cabello desde la ra\u00edz. Tratamientos dise\u00f1ados para nutrir el cuero cabelludo y revitalizar los fol\u00edculos, mejorando la salud capilar. Crecimiento Capilar Estimulaci\u00f3n efectiva para el crecimiento del cabello. Utilizamos t\u00e9cnicas avanzadas para activar el crecimiento capilar, logrando resultados visibles y&hellip;<\/p>\n","protected":false},"author":1,"featured_media":0,"parent":0,"menu_order":0,"comment_status":"closed","ping_status":"closed","template":"","meta":{"_joinchat":[],"footnotes":""},"class_list":["post-496","page","type-page","status-publish","hentry","entry","has-media"],"yoast_head":"<!-- This site is optimized with the Yoast SEO plugin v25.5 - https:\/\/yoast.com\/wordpress\/plugins\/seo\/ -->\n<title>Capilares - Clinica Presage<\/title>\n<meta name=\"robots\" content=\"index, follow, max-snippet:-1, max-image-preview:large, max-video-preview:-1\" \/>\n<link rel=\"canonical\" href=\"https:\/\/clinicapresage.com.uy\/respaldo\/capilares\/\" \/>\n<meta property=\"og:locale\" content=\"es_ES\" \/>\n<meta property=\"og:type\" content=\"article\" \/>\n<meta property=\"og:title\" content=\"Capilares - Clinica Presage\" \/>\n<meta property=\"og:description\" content=\"[vc_row full_width=\u00bbstretch_row\u00bb content_placement=\u00bbtop\u00bb column_spacing=\u00bb50&#8243;][vc_column width=\u00bb1\/2&#8243;][vc_column_text css=\u00bb\u00bb color=\u00bb#0a0a0a\u00bb] Tratamientos capilares Fortalecimiento Capilar Repara y fortalece tu cabello desde la ra\u00edz. Tratamientos dise\u00f1ados para nutrir el cuero cabelludo y revitalizar los fol\u00edculos, mejorando la salud capilar. Crecimiento Capilar Estimulaci\u00f3n efectiva para el crecimiento del cabello. Utilizamos t\u00e9cnicas avanzadas para activar el crecimiento capilar, logrando resultados visibles y&hellip;\" \/>\n<meta property=\"og:url\" content=\"https:\/\/clinicapresage.com.uy\/respaldo\/capilares\/\" \/>\n<meta property=\"og:site_name\" content=\"Clinica Presage\" \/>\n<meta property=\"article:modified_time\" content=\"2024-10-25T00:47:57+00:00\" \/>\n<meta name=\"twitter:card\" content=\"summary_large_image\" \/>\n<meta name=\"twitter:label1\" content=\"Tiempo de lectura\" \/>\n\t<meta name=\"twitter:data1\" content=\"2 minutos\" \/>\n<script type=\"application\/ld+json\" class=\"yoast-schema-graph\">{\"@context\":\"https:\/\/schema.org\",\"@graph\":[{\"@type\":\"WebPage\",\"@id\":\"https:\/\/clinicapresage.com.uy\/respaldo\/capilares\/\",\"url\":\"https:\/\/clinicapresage.com.uy\/respaldo\/capilares\/\",\"name\":\"Capilares - Clinica Presage\",\"isPartOf\":{\"@id\":\"https:\/\/clinicapresage.com.uy\/respaldo\/#website\"},\"datePublished\":\"2024-09-24T18:10:25+00:00\",\"dateModified\":\"2024-10-25T00:47:57+00:00\",\"breadcrumb\":{\"@id\":\"https:\/\/clinicapresage.com.uy\/respaldo\/capilares\/#breadcrumb\"},\"inLanguage\":\"es\",\"potentialAction\":[{\"@type\":\"ReadAction\",\"target\":[\"https:\/\/clinicapresage.com.uy\/respaldo\/capilares\/\"]}]},{\"@type\":\"BreadcrumbList\",\"@id\":\"https:\/\/clinicapresage.com.uy\/respaldo\/capilares\/#breadcrumb\",\"itemListElement\":[{\"@type\":\"ListItem\",\"position\":1,\"name\":\"Portada\",\"item\":\"https:\/\/clinicapresage.com.uy\/respaldo\/\"},{\"@type\":\"ListItem\",\"position\":2,\"name\":\"Capilares\"}]},{\"@type\":\"WebSite\",\"@id\":\"https:\/\/clinicapresage.com.uy\/respaldo\/#website\",\"url\":\"https:\/\/clinicapresage.com.uy\/respaldo\/\",\"name\":\"Clinica Presage\",\"description\":\"ESPECIALIZADOS EN MEDICINA ESTETICA\",\"publisher\":{\"@id\":\"https:\/\/clinicapresage.com.uy\/respaldo\/#organization\"},\"potentialAction\":[{\"@type\":\"SearchAction\",\"target\":{\"@type\":\"EntryPoint\",\"urlTemplate\":\"https:\/\/clinicapresage.com.uy\/respaldo\/?s={search_term_string}\"},\"query-input\":{\"@type\":\"PropertyValueSpecification\",\"valueRequired\":true,\"valueName\":\"search_term_string\"}}],\"inLanguage\":\"es\"},{\"@type\":\"Organization\",\"@id\":\"https:\/\/clinicapresage.com.uy\/respaldo\/#organization\",\"name\":\"Clinica Presage\",\"url\":\"https:\/\/clinicapresage.com.uy\/respaldo\/\",\"logo\":{\"@type\":\"ImageObject\",\"inLanguage\":\"es\",\"@id\":\"https:\/\/clinicapresage.com.uy\/respaldo\/#\/schema\/logo\/image\/\",\"url\":\"https:\/\/clinicapresage.com.uy\/respaldo\/wp-content\/uploads\/2024\/10\/Logos-presage-color.png\",\"contentUrl\":\"https:\/\/clinicapresage.com.uy\/respaldo\/wp-content\/uploads\/2024\/10\/Logos-presage-color.png\",\"width\":600,\"height\":581,\"caption\":\"Clinica Presage\"},\"image\":{\"@id\":\"https:\/\/clinicapresage.com.uy\/respaldo\/#\/schema\/logo\/image\/\"},\"sameAs\":[\"https:\/\/www.instagram.com\/clinicapresage\/\"]}]}<\/script>\n<!-- \/ Yoast SEO plugin. -->","yoast_head_json":{"title":"Capilares - Clinica Presage","robots":{"index":"index","follow":"follow","max-snippet":"max-snippet:-1","max-image-preview":"max-image-preview:large","max-video-preview":"max-video-preview:-1"},"canonical":"https:\/\/clinicapresage.com.uy\/respaldo\/capilares\/","og_locale":"es_ES","og_type":"article","og_title":"Capilares - Clinica Presage","og_description":"[vc_row full_width=\u00bbstretch_row\u00bb content_placement=\u00bbtop\u00bb column_spacing=\u00bb50&#8243;][vc_column width=\u00bb1\/2&#8243;][vc_column_text css=\u00bb\u00bb color=\u00bb#0a0a0a\u00bb] Tratamientos capilares Fortalecimiento Capilar Repara y fortalece tu cabello desde la ra\u00edz. Tratamientos dise\u00f1ados para nutrir el cuero cabelludo y revitalizar los fol\u00edculos, mejorando la salud capilar. Crecimiento Capilar Estimulaci\u00f3n efectiva para el crecimiento del cabello. Utilizamos t\u00e9cnicas avanzadas para activar el crecimiento capilar, logrando resultados visibles y&hellip;","og_url":"https:\/\/clinicapresage.com.uy\/respaldo\/capilares\/","og_site_name":"Clinica Presage","article_modified_time":"2024-10-25T00:47:57+00:00","twitter_card":"summary_large_image","twitter_misc":{"Tiempo de lectura":"2 minutos"},"schema":{"@context":"https:\/\/schema.org","@graph":[{"@type":"WebPage","@id":"https:\/\/clinicapresage.com.uy\/respaldo\/capilares\/","url":"https:\/\/clinicapresage.com.uy\/respaldo\/capilares\/","name":"Capilares - Clinica Presage","isPartOf":{"@id":"https:\/\/clinicapresage.com.uy\/respaldo\/#website"},"datePublished":"2024-09-24T18:10:25+00:00","dateModified":"2024-10-25T00:47:57+00:00","breadcrumb":{"@id":"https:\/\/clinicapresage.com.uy\/respaldo\/capilares\/#breadcrumb"},"inLanguage":"es","potentialAction":[{"@type":"ReadAction","target":["https:\/\/clinicapresage.com.uy\/respaldo\/capilares\/"]}]},{"@type":"BreadcrumbList","@id":"https:\/\/clinicapresage.com.uy\/respaldo\/capilares\/#breadcrumb","itemListElement":[{"@type":"ListItem","position":1,"name":"Portada","item":"https:\/\/clinicapresage.com.uy\/respaldo\/"},{"@type":"ListItem","position":2,"name":"Capilares"}]},{"@type":"WebSite","@id":"https:\/\/clinicapresage.com.uy\/respaldo\/#website","url":"https:\/\/clinicapresage.com.uy\/respaldo\/","name":"Clinica Presage","description":"ESPECIALIZADOS EN MEDICINA ESTETICA","publisher":{"@id":"https:\/\/clinicapresage.com.uy\/respaldo\/#organization"},"potentialAction":[{"@type":"SearchAction","target":{"@type":"EntryPoint","urlTemplate":"https:\/\/clinicapresage.com.uy\/respaldo\/?s={search_term_string}"},"query-input":{"@type":"PropertyValueSpecification","valueRequired":true,"valueName":"search_term_string"}}],"inLanguage":"es"},{"@type":"Organization","@id":"https:\/\/clinicapresage.com.uy\/respaldo\/#organization","name":"Clinica Presage","url":"https:\/\/clinicapresage.com.uy\/respaldo\/","logo":{"@type":"ImageObject","inLanguage":"es","@id":"https:\/\/clinicapresage.com.uy\/respaldo\/#\/schema\/logo\/image\/","url":"https:\/\/clinicapresage.com.uy\/respaldo\/wp-content\/uploads\/2024\/10\/Logos-presage-color.png","contentUrl":"https:\/\/clinicapresage.com.uy\/respaldo\/wp-content\/uploads\/2024\/10\/Logos-presage-color.png","width":600,"height":581,"caption":"Clinica Presage"},"image":{"@id":"https:\/\/clinicapresage.com.uy\/respaldo\/#\/schema\/logo\/image\/"},"sameAs":["https:\/\/www.instagram.com\/clinicapresage\/"]}]}},"_links":{"self":[{"href":"https:\/\/clinicapresage.com.uy\/respaldo\/wp-json\/wp\/v2\/pages\/496","targetHints":{"allow":["GET"]}}],"collection":[{"href":"https:\/\/clinicapresage.com.uy\/respaldo\/wp-json\/wp\/v2\/pages"}],"about":[{"href":"https:\/\/clinicapresage.com.uy\/respaldo\/wp-json\/wp\/v2\/types\/page"}],"author":[{"embeddable":true,"href":"https:\/\/clinicapresage.com.uy\/respaldo\/wp-json\/wp\/v2\/users\/1"}],"replies":[{"embeddable":true,"href":"https:\/\/clinicapresage.com.uy\/respaldo\/wp-json\/wp\/v2\/comments?post=496"}],"version-history":[{"count":24,"href":"https:\/\/clinicapresage.com.uy\/respaldo\/wp-json\/wp\/v2\/pages\/496\/revisions"}],"predecessor-version":[{"id":1615,"href":"https:\/\/clinicapresage.com.uy\/respaldo\/wp-json\/wp\/v2\/pages\/496\/revisions\/1615"}],"wp:attachment":[{"href":"https:\/\/clinicapresage.com.uy\/respaldo\/wp-json\/wp\/v2\/media?parent=496"}],"curies":[{"name":"wp","href":"https:\/\/api.w.org\/{rel}","templated":true}]}}