{"id":1796,"date":"2025-04-23T13:40:35","date_gmt":"2025-04-23T13:40:35","guid":{"rendered":"https:\/\/clinicapresage.com.uy\/respaldo\/?page_id=1796"},"modified":"2025-04-24T14:19:06","modified_gmt":"2025-04-24T14:19:06","slug":"convenios-2","status":"publish","type":"page","link":"https:\/\/clinicapresage.com.uy\/respaldo\/convenios-2\/","title":{"rendered":"Convenios"},"content":{"rendered":"<div class=\"wpb-content-wrapper\">[\/vc_column_text][vc_empty_space height=\u00bb52px\u00bb][vc_single_image image=\u00bb1802&#8243; css=\u00bb\u00bb][vc_empty_space height=\u00bb52px\u00bb][vc_column_text css=\u00bb\u00bb]\n\n<h3 class=\"wp-block-heading\">Beneficios Comunes de los Convenios<\/h3>\n<p>\u00a0<\/p>\n\n<ul class=\"wp-block-list\">\n<li style=\"list-style-type: none;\">\n<ul class=\"wp-block-list\"><\/p>\n<li>Descuentos en tratamientos faciales, corporales y capilares.<\/li>\n\n\n<li>Primera consulta gratuita para evaluaci\u00f3n y diagn\u00f3stico personalizado.<\/li>\n\n\n<li>Flexibilidad en horarios de atenci\u00f3n, incluyendo s\u00e1bados.<\/li>\n\n\n<li>Acceso a tecnolog\u00eda de vanguardia y profesionales altamente calificados.<\/li>\n<\/ul>\n<\/li>\n<\/ul>\n\n<p>Estos convenios reflejan el compromiso de Cl\u00ednica Pr\u00e9sage con el bienestar integral, ofreciendo soluciones est\u00e9ticas adaptadas a las necesidades de cada empresa.<\/p>\n\n<p>Si representas a una empresa interesada en establecer un convenio, puedes contactar a Cl\u00ednica Pr\u00e9sage a trav\u00e9s de su sitio web oficial: <a href=\"https:\/\/clinicapresage.com.uy\/respaldo\">https:\/\/clinicapresage.com.uy\/respaldo<\/a><\/p>\n\n<p>Av. Dr. L. A. de Herrera 1248 &#8211; Torre 3 World Trade Center<br \/>Consultorio 264 \u2013 Montevideo<\/p>\n\n<p>\u00a0<strong>2628 6474<\/strong> | \u00a0<strong>092 307 022 | \u00a0092 726 501<\/strong><\/p>\n\n<p>clinicapresage@gmail.com<br \/>www.clinicapresage.com.uy<\/p>\n\n\n<p>&nbsp;<\/p>\n[\/vc_column_text][\/vc_column][\/vc_row]\n<!-- \/wp:heading -->\n<!-- wp:list-item -->\n<li><strong>Santander Select<\/strong><\/li>\n<li><strong>Entre otros<\/strong><\/li>\n<\/ul>\n<\/li>\n<\/ul>\n<!-- wp:heading {\"level\":3} -->[\/vc_column_text][vc_empty_space height=\u00bb52px\u00bb][vc_single_image image=\u00bb1802&#8243; css=\u00bb\u00bb][vc_empty_space height=\u00bb52px\u00bb][vc_column_text css=\u00bb\u00bb]<!-- wp:heading {\"level\":3} -->\n<!-- wp:heading {\"level\":3} -->\n<h3 class=\"wp-block-heading\">Beneficios Comunes de los Convenios<\/h3>\n<p><!-- \/wp:heading -->\u00a0<\/p>\n<!-- wp:list -->\n<ul class=\"wp-block-list\">\n<li style=\"list-style-type: none;\">\n<ul class=\"wp-block-list\"><!-- wp:list-item --><\/p>\n<li>Descuentos en tratamientos faciales, corporales y capilares.<\/li>\n<!-- \/wp:list-item -->\n<!-- wp:list-item -->\n<li>Primera consulta gratuita para evaluaci\u00f3n y diagn\u00f3stico personalizado.<\/li>\n<!-- \/wp:list-item -->\n<!-- wp:list-item -->\n<li>Flexibilidad en horarios de atenci\u00f3n, incluyendo s\u00e1bados.<\/li>\n<!-- \/wp:list-item -->\n<!-- wp:list-item -->\n<li>Acceso a tecnolog\u00eda de vanguardia y profesionales altamente calificados.<\/li>\n<\/ul>\n<\/li>\n<\/ul>\n<!-- \/wp:list-item --><!-- \/wp:list -->\n<p><!-- wp:paragraph -->Estos convenios reflejan el compromiso de Cl\u00ednica Pr\u00e9sage con el bienestar integral, ofreciendo soluciones est\u00e9ticas adaptadas a las necesidades de cada empresa.<\/p>\n<!-- \/wp:paragraph -->\n<p><!-- wp:paragraph -->Si representas a una empresa interesada en establecer un convenio, puedes contactar a Cl\u00ednica Pr\u00e9sage a trav\u00e9s de su sitio web oficial: <a href=\"https:\/\/clinicapresage.com.uy\/respaldo\">https:\/\/clinicapresage.com.uy\/respaldo<\/a><\/p>\n<!-- \/wp:paragraph -->\n<p><!-- wp:paragraph -->Av. Dr. L. A. de Herrera 1248 &#8211; Torre 3 World Trade Center<br \/>Consultorio 264 \u2013 Montevideo<\/p>\n<!-- \/wp:paragraph -->\n<p><!-- wp:paragraph -->\u00a0<strong>2628 6474<\/strong> | \u00a0<strong>092 307 022 | \u00a0092 726 501<\/strong><\/p>\n<!-- \/wp:paragraph -->\n<p><!-- wp:paragraph -->clinicapresage@gmail.com<br \/>www.clinicapresage.com.uy<\/p>\n<!-- \/wp:paragraph -->\n<!-- wp:paragraph --><!-- \/wp:paragraph -->\n<p>&nbsp;<\/p>\n[\/vc_column_text][\/vc_column][\/vc_row]\n<!-- \/wp:post-content --><!-- \/wp:list-item -->\u00a0<\/p>\n<!-- wp:list -->\n<ul class=\"wp-block-list\">\n<li style=\"list-style-type: none;\">\n<ul class=\"wp-block-list\"><!-- wp:list-item --><\/p>\n<li><strong>Hospital Brit\u00e1nico<\/strong><\/li>\n<!-- \/wp:list-item -->\n<!-- wp:list-item \/-->\n<!-- wp:list-item -->\n<li><strong>BlueCross &amp; BlueShield Uruguay<\/strong><\/li>\n<!-- \/wp:list-item -->\n<!-- wp:list-item -->\n<li><strong>Montevideo Shopping<\/strong><\/li>\n<!-- \/wp:list-item -->\n<!-- wp:list-item -->\n<li><strong>Santander Select<\/strong><\/li>\n<li><strong>Entre otros<\/strong><\/li>\n<\/ul>\n<\/li>\n<\/ul>\n<!-- wp:heading {\"level\":3} -->[\/vc_column_text][vc_empty_space height=\u00bb52px\u00bb][vc_single_image image=\u00bb1802&#8243; css=\u00bb\u00bb][vc_empty_space height=\u00bb52px\u00bb][vc_column_text css=\u00bb\u00bb]<!-- wp:heading {\"level\":3} -->\n<!-- wp:heading {\"level\":3} -->\n<h3 class=\"wp-block-heading\">Beneficios Comunes de los Convenios<\/h3>\n<p><!-- \/wp:heading -->\u00a0<\/p>\n<!-- wp:list -->\n<ul class=\"wp-block-list\">\n<li style=\"list-style-type: none;\">\n<ul class=\"wp-block-list\"><!-- wp:list-item --><\/p>\n<li>Descuentos en tratamientos faciales, corporales y capilares.<\/li>\n<!-- \/wp:list-item -->\n<!-- wp:list-item -->\n<li>Primera consulta gratuita para evaluaci\u00f3n y diagn\u00f3stico personalizado.<\/li>\n<!-- \/wp:list-item -->\n<!-- wp:list-item -->\n<li>Flexibilidad en horarios de atenci\u00f3n, incluyendo s\u00e1bados.<\/li>\n<!-- \/wp:list-item -->\n<!-- wp:list-item -->\n<li>Acceso a tecnolog\u00eda de vanguardia y profesionales altamente calificados.<\/li>\n<\/ul>\n<\/li>\n<\/ul>\n<!-- \/wp:list-item --><!-- \/wp:list -->\n<p><!-- wp:paragraph -->Estos convenios reflejan el compromiso de Cl\u00ednica Pr\u00e9sage con el bienestar integral, ofreciendo soluciones est\u00e9ticas adaptadas a las necesidades de cada empresa.<\/p>\n<!-- \/wp:paragraph -->\n<p><!-- wp:paragraph -->Si representas a una empresa interesada en establecer un convenio, puedes contactar a Cl\u00ednica Pr\u00e9sage a trav\u00e9s de su sitio web oficial: <a href=\"https:\/\/clinicapresage.com.uy\/respaldo\">https:\/\/clinicapresage.com.uy\/respaldo<\/a><\/p>\n<!-- \/wp:paragraph -->\n<p><!-- wp:paragraph -->Av. Dr. L. A. de Herrera 1248 &#8211; Torre 3 World Trade Center<br \/>Consultorio 264 \u2013 Montevideo<\/p>\n<!-- \/wp:paragraph -->\n<p><!-- wp:paragraph -->\u00a0<strong>2628 6474<\/strong> | \u00a0<strong>092 307 022 | \u00a0092 726 501<\/strong><\/p>\n<!-- \/wp:paragraph -->\n<p><!-- wp:paragraph -->clinicapresage@gmail.com<br \/>www.clinicapresage.com.uy<\/p>\n<!-- \/wp:paragraph -->\n<!-- wp:paragraph --><!-- \/wp:paragraph -->\n<p>&nbsp;<\/p>\n[\/vc_column_text][\/vc_column][\/vc_row]\n<!-- \/wp:post-content --><!-- \/wp:list --><!-- wp:post-content -->[vc_row][vc_column][vc_column_text css=\u00bb\u00bb]<!-- wp:heading {\"level\":3} --><\/p>\n<h3 class=\"wp-block-heading\">Cl\u00ednica Pr\u00e9sage ha establecido convenios con diversas empresas para ofrecer beneficios exclusivos. Estos acuerdos permiten acceder a tratamientos est\u00e9ticos y de bienestar con condiciones preferenciales.<\/h3>\n<p><!-- \/wp:heading -->\u00a0<\/p>\n<!-- wp:heading {\"level\":4} -->\n<h4 class=\"wp-block-heading\">Convenios empresariales destacados<\/h4>\n<p><!-- \/wp:heading -->\u00a0<\/p>\n<!-- wp:list -->\n<ul class=\"wp-block-list\">\n<li style=\"list-style-type: none;\">\n<ul class=\"wp-block-list\"><!-- wp:list-item --><\/p>\n<li><strong>Hospital Brit\u00e1nico<\/strong><\/li>\n<!-- \/wp:list-item -->\n<!-- wp:list-item --><!-- \/wp:list-item -->\n<!-- wp:list-item -->\n<li><strong>BlueCross &amp; BlueShield Uruguay<\/strong><\/li>\n<!-- \/wp:list-item -->\n<!-- wp:list-item -->\n<li><strong>Montevideo Shopping<\/strong><\/li>\n<!-- \/wp:list-item -->\n<!-- wp:list-item -->\n<li><strong>Santander Select<\/strong><\/li>\n<li><strong>Entre otros<\/strong><\/li>\n<\/ul>\n<\/li>\n<\/ul>\n<!-- wp:heading {\"level\":3} -->[\/vc_column_text][vc_empty_space height=\u00bb52px\u00bb][vc_single_image image=\u00bb1802&#8243; css=\u00bb\u00bb][vc_empty_space height=\u00bb52px\u00bb][vc_column_text css=\u00bb\u00bb]<!-- wp:heading {\"level\":3} -->\n<!-- wp:heading {\"level\":3} -->\n<h3 class=\"wp-block-heading\">Beneficios Comunes de los Convenios<\/h3>\n<p><!-- \/wp:heading -->\u00a0<\/p>\n<!-- wp:list -->\n<ul class=\"wp-block-list\">\n<li style=\"list-style-type: none;\">\n<ul class=\"wp-block-list\"><!-- wp:list-item --><\/p>\n<li>Descuentos en tratamientos faciales, corporales y capilares.<\/li>\n<!-- \/wp:list-item -->\n<!-- wp:list-item -->\n<li>Primera consulta gratuita para evaluaci\u00f3n y diagn\u00f3stico personalizado.<\/li>\n<!-- \/wp:list-item -->\n<!-- wp:list-item -->\n<li>Flexibilidad en horarios de atenci\u00f3n, incluyendo s\u00e1bados.<\/li>\n<!-- \/wp:list-item -->\n<!-- wp:list-item -->\n<li>Acceso a tecnolog\u00eda de vanguardia y profesionales altamente calificados.<\/li>\n<\/ul>\n<\/li>\n<\/ul>\n<!-- \/wp:list-item --><!-- \/wp:list -->\n<p><!-- wp:paragraph -->Estos convenios reflejan el compromiso de Cl\u00ednica Pr\u00e9sage con el bienestar integral, ofreciendo soluciones est\u00e9ticas adaptadas a las necesidades de cada empresa.<\/p>\n<!-- \/wp:paragraph -->\n<p><!-- wp:paragraph -->Si representas a una empresa interesada en establecer un convenio, puedes contactar a Cl\u00ednica Pr\u00e9sage a trav\u00e9s de su sitio web oficial: <a href=\"https:\/\/clinicapresage.com.uy\/respaldo\">https:\/\/clinicapresage.com.uy\/respaldo<\/a><\/p>\n<!-- \/wp:paragraph -->\n<p><!-- wp:paragraph -->Av. Dr. L. A. de Herrera 1248 &#8211; Torre 3 World Trade Center<br \/>Consultorio 264 \u2013 Montevideo<\/p>\n<!-- \/wp:paragraph -->\n<p><!-- wp:paragraph -->\u00a0<strong>2628 6474<\/strong> | \u00a0<strong>092 307 022 | \u00a0092 726 501<\/strong><\/p>\n<!-- \/wp:paragraph -->\n<p><!-- wp:paragraph -->clinicapresage@gmail.com<br \/>www.clinicapresage.com.uy<\/p>\n<!-- \/wp:paragraph -->\n<!-- wp:paragraph --><!-- \/wp:paragraph -->\n<p>&nbsp;<\/p>\n[\/vc_column_text][\/vc_column][\/vc_row]\n<!-- \/wp:post-content --><\/div>","protected":false},"excerpt":{"rendered":"<p>[vc_row][vc_column][vc_column_text css=\u00bb\u00bb] Cl\u00ednica Pr\u00e9sage ha establecido convenios con diversas empresas para ofrecer beneficios exclusivos. Estos acuerdos permiten acceder a tratamientos est\u00e9ticos y de bienestar con condiciones preferenciales. \u00a0 Convenios empresariales destacados [\/vc_column_text][vc_empty_space height=\u00bb52px\u00bb][vc_single_image image=\u00bb1802&#8243; css=\u00bb\u00bb][vc_empty_space height=\u00bb52px\u00bb][vc_column_text css=\u00bb\u00bb] Santander Select Entre otros [\/vc_column_text][vc_empty_space height=\u00bb52px\u00bb][vc_single_image image=\u00bb1802&#8243; css=\u00bb\u00bb][vc_empty_space height=\u00bb52px\u00bb][vc_column_text css=\u00bb\u00bb] Beneficios Comunes de los Convenios \u00a0 Descuentos en&hellip;<\/p>\n","protected":false},"author":1,"featured_media":0,"parent":0,"menu_order":0,"comment_status":"closed","ping_status":"closed","template":"","meta":{"_joinchat":[],"footnotes":""},"class_list":["post-1796","page","type-page","status-publish","hentry","entry","no-media"],"yoast_head":"<!-- This site is optimized with the Yoast SEO plugin v25.5 - https:\/\/yoast.com\/wordpress\/plugins\/seo\/ -->\n<title>Convenios - Clinica Presage<\/title>\n<meta name=\"robots\" content=\"index, follow, max-snippet:-1, max-image-preview:large, max-video-preview:-1\" \/>\n<link rel=\"canonical\" href=\"https:\/\/clinicapresage.com.uy\/respaldo\/convenios-2\/\" \/>\n<meta property=\"og:locale\" content=\"es_ES\" \/>\n<meta property=\"og:type\" content=\"article\" \/>\n<meta property=\"og:title\" content=\"Convenios - Clinica Presage\" \/>\n<meta property=\"og:description\" content=\"[vc_row][vc_column][vc_column_text css=\u00bb\u00bb] Cl\u00ednica Pr\u00e9sage ha establecido convenios con diversas empresas para ofrecer beneficios exclusivos. Estos acuerdos permiten acceder a tratamientos est\u00e9ticos y de bienestar con condiciones preferenciales. \u00a0 Convenios empresariales destacados [\/vc_column_text][vc_empty_space height=\u00bb52px\u00bb][vc_single_image image=\u00bb1802&#8243; css=\u00bb\u00bb][vc_empty_space height=\u00bb52px\u00bb][vc_column_text css=\u00bb\u00bb] Santander Select Entre otros [\/vc_column_text][vc_empty_space height=\u00bb52px\u00bb][vc_single_image image=\u00bb1802&#8243; css=\u00bb\u00bb][vc_empty_space height=\u00bb52px\u00bb][vc_column_text css=\u00bb\u00bb] Beneficios Comunes de los Convenios \u00a0 Descuentos en&hellip;\" \/>\n<meta property=\"og:url\" content=\"https:\/\/clinicapresage.com.uy\/respaldo\/convenios-2\/\" \/>\n<meta property=\"og:site_name\" content=\"Clinica Presage\" \/>\n<meta property=\"article:modified_time\" content=\"2025-04-24T14:19:06+00:00\" \/>\n<meta name=\"twitter:card\" content=\"summary_large_image\" \/>\n<meta name=\"twitter:label1\" content=\"Tiempo de lectura\" \/>\n\t<meta name=\"twitter:data1\" content=\"1 minuto\" \/>\n<script type=\"application\/ld+json\" class=\"yoast-schema-graph\">{\"@context\":\"https:\/\/schema.org\",\"@graph\":[{\"@type\":\"WebPage\",\"@id\":\"https:\/\/clinicapresage.com.uy\/respaldo\/convenios-2\/\",\"url\":\"https:\/\/clinicapresage.com.uy\/respaldo\/convenios-2\/\",\"name\":\"Convenios - Clinica Presage\",\"isPartOf\":{\"@id\":\"https:\/\/clinicapresage.com.uy\/respaldo\/#website\"},\"datePublished\":\"2025-04-23T13:40:35+00:00\",\"dateModified\":\"2025-04-24T14:19:06+00:00\",\"breadcrumb\":{\"@id\":\"https:\/\/clinicapresage.com.uy\/respaldo\/convenios-2\/#breadcrumb\"},\"inLanguage\":\"es\",\"potentialAction\":[{\"@type\":\"ReadAction\",\"target\":[\"https:\/\/clinicapresage.com.uy\/respaldo\/convenios-2\/\"]}]},{\"@type\":\"BreadcrumbList\",\"@id\":\"https:\/\/clinicapresage.com.uy\/respaldo\/convenios-2\/#breadcrumb\",\"itemListElement\":[{\"@type\":\"ListItem\",\"position\":1,\"name\":\"Portada\",\"item\":\"https:\/\/clinicapresage.com.uy\/respaldo\/\"},{\"@type\":\"ListItem\",\"position\":2,\"name\":\"Convenios\"}]},{\"@type\":\"WebSite\",\"@id\":\"https:\/\/clinicapresage.com.uy\/respaldo\/#website\",\"url\":\"https:\/\/clinicapresage.com.uy\/respaldo\/\",\"name\":\"Clinica Presage\",\"description\":\"ESPECIALIZADOS EN MEDICINA ESTETICA\",\"publisher\":{\"@id\":\"https:\/\/clinicapresage.com.uy\/respaldo\/#organization\"},\"potentialAction\":[{\"@type\":\"SearchAction\",\"target\":{\"@type\":\"EntryPoint\",\"urlTemplate\":\"https:\/\/clinicapresage.com.uy\/respaldo\/?s={search_term_string}\"},\"query-input\":{\"@type\":\"PropertyValueSpecification\",\"valueRequired\":true,\"valueName\":\"search_term_string\"}}],\"inLanguage\":\"es\"},{\"@type\":\"Organization\",\"@id\":\"https:\/\/clinicapresage.com.uy\/respaldo\/#organization\",\"name\":\"Clinica Presage\",\"url\":\"https:\/\/clinicapresage.com.uy\/respaldo\/\",\"logo\":{\"@type\":\"ImageObject\",\"inLanguage\":\"es\",\"@id\":\"https:\/\/clinicapresage.com.uy\/respaldo\/#\/schema\/logo\/image\/\",\"url\":\"https:\/\/clinicapresage.com.uy\/respaldo\/wp-content\/uploads\/2024\/10\/Logos-presage-color.png\",\"contentUrl\":\"https:\/\/clinicapresage.com.uy\/respaldo\/wp-content\/uploads\/2024\/10\/Logos-presage-color.png\",\"width\":600,\"height\":581,\"caption\":\"Clinica Presage\"},\"image\":{\"@id\":\"https:\/\/clinicapresage.com.uy\/respaldo\/#\/schema\/logo\/image\/\"},\"sameAs\":[\"https:\/\/www.instagram.com\/clinicapresage\/\"]}]}<\/script>\n<!-- \/ Yoast SEO plugin. -->","yoast_head_json":{"title":"Convenios - Clinica Presage","robots":{"index":"index","follow":"follow","max-snippet":"max-snippet:-1","max-image-preview":"max-image-preview:large","max-video-preview":"max-video-preview:-1"},"canonical":"https:\/\/clinicapresage.com.uy\/respaldo\/convenios-2\/","og_locale":"es_ES","og_type":"article","og_title":"Convenios - Clinica Presage","og_description":"[vc_row][vc_column][vc_column_text css=\u00bb\u00bb] Cl\u00ednica Pr\u00e9sage ha establecido convenios con diversas empresas para ofrecer beneficios exclusivos. Estos acuerdos permiten acceder a tratamientos est\u00e9ticos y de bienestar con condiciones preferenciales. \u00a0 Convenios empresariales destacados [\/vc_column_text][vc_empty_space height=\u00bb52px\u00bb][vc_single_image image=\u00bb1802&#8243; css=\u00bb\u00bb][vc_empty_space height=\u00bb52px\u00bb][vc_column_text css=\u00bb\u00bb] Santander Select Entre otros [\/vc_column_text][vc_empty_space height=\u00bb52px\u00bb][vc_single_image image=\u00bb1802&#8243; css=\u00bb\u00bb][vc_empty_space height=\u00bb52px\u00bb][vc_column_text css=\u00bb\u00bb] Beneficios Comunes de los Convenios \u00a0 Descuentos en&hellip;","og_url":"https:\/\/clinicapresage.com.uy\/respaldo\/convenios-2\/","og_site_name":"Clinica Presage","article_modified_time":"2025-04-24T14:19:06+00:00","twitter_card":"summary_large_image","twitter_misc":{"Tiempo de lectura":"1 minuto"},"schema":{"@context":"https:\/\/schema.org","@graph":[{"@type":"WebPage","@id":"https:\/\/clinicapresage.com.uy\/respaldo\/convenios-2\/","url":"https:\/\/clinicapresage.com.uy\/respaldo\/convenios-2\/","name":"Convenios - Clinica Presage","isPartOf":{"@id":"https:\/\/clinicapresage.com.uy\/respaldo\/#website"},"datePublished":"2025-04-23T13:40:35+00:00","dateModified":"2025-04-24T14:19:06+00:00","breadcrumb":{"@id":"https:\/\/clinicapresage.com.uy\/respaldo\/convenios-2\/#breadcrumb"},"inLanguage":"es","potentialAction":[{"@type":"ReadAction","target":["https:\/\/clinicapresage.com.uy\/respaldo\/convenios-2\/"]}]},{"@type":"BreadcrumbList","@id":"https:\/\/clinicapresage.com.uy\/respaldo\/convenios-2\/#breadcrumb","itemListElement":[{"@type":"ListItem","position":1,"name":"Portada","item":"https:\/\/clinicapresage.com.uy\/respaldo\/"},{"@type":"ListItem","position":2,"name":"Convenios"}]},{"@type":"WebSite","@id":"https:\/\/clinicapresage.com.uy\/respaldo\/#website","url":"https:\/\/clinicapresage.com.uy\/respaldo\/","name":"Clinica Presage","description":"ESPECIALIZADOS EN MEDICINA ESTETICA","publisher":{"@id":"https:\/\/clinicapresage.com.uy\/respaldo\/#organization"},"potentialAction":[{"@type":"SearchAction","target":{"@type":"EntryPoint","urlTemplate":"https:\/\/clinicapresage.com.uy\/respaldo\/?s={search_term_string}"},"query-input":{"@type":"PropertyValueSpecification","valueRequired":true,"valueName":"search_term_string"}}],"inLanguage":"es"},{"@type":"Organization","@id":"https:\/\/clinicapresage.com.uy\/respaldo\/#organization","name":"Clinica Presage","url":"https:\/\/clinicapresage.com.uy\/respaldo\/","logo":{"@type":"ImageObject","inLanguage":"es","@id":"https:\/\/clinicapresage.com.uy\/respaldo\/#\/schema\/logo\/image\/","url":"https:\/\/clinicapresage.com.uy\/respaldo\/wp-content\/uploads\/2024\/10\/Logos-presage-color.png","contentUrl":"https:\/\/clinicapresage.com.uy\/respaldo\/wp-content\/uploads\/2024\/10\/Logos-presage-color.png","width":600,"height":581,"caption":"Clinica Presage"},"image":{"@id":"https:\/\/clinicapresage.com.uy\/respaldo\/#\/schema\/logo\/image\/"},"sameAs":["https:\/\/www.instagram.com\/clinicapresage\/"]}]}},"_links":{"self":[{"href":"https:\/\/clinicapresage.com.uy\/respaldo\/wp-json\/wp\/v2\/pages\/1796","targetHints":{"allow":["GET"]}}],"collection":[{"href":"https:\/\/clinicapresage.com.uy\/respaldo\/wp-json\/wp\/v2\/pages"}],"about":[{"href":"https:\/\/clinicapresage.com.uy\/respaldo\/wp-json\/wp\/v2\/types\/page"}],"author":[{"embeddable":true,"href":"https:\/\/clinicapresage.com.uy\/respaldo\/wp-json\/wp\/v2\/users\/1"}],"replies":[{"embeddable":true,"href":"https:\/\/clinicapresage.com.uy\/respaldo\/wp-json\/wp\/v2\/comments?post=1796"}],"version-history":[{"count":7,"href":"https:\/\/clinicapresage.com.uy\/respaldo\/wp-json\/wp\/v2\/pages\/1796\/revisions"}],"predecessor-version":[{"id":1805,"href":"https:\/\/clinicapresage.com.uy\/respaldo\/wp-json\/wp\/v2\/pages\/1796\/revisions\/1805"}],"wp:attachment":[{"href":"https:\/\/clinicapresage.com.uy\/respaldo\/wp-json\/wp\/v2\/media?parent=1796"}],"curies":[{"name":"wp","href":"https:\/\/api.w.org\/{rel}","templated":true}]}}