{"id":1682,"date":"2024-11-02T16:16:39","date_gmt":"2024-11-02T16:16:39","guid":{"rendered":"https:\/\/clinicapresage.com.uy\/respaldo\/?page_id=1682"},"modified":"2025-05-06T17:41:00","modified_gmt":"2025-05-06T17:41:00","slug":"institucional","status":"publish","type":"page","link":"https:\/\/clinicapresage.com.uy\/respaldo\/institucional\/","title":{"rendered":"Institucional"},"content":{"rendered":"<div class=\"wpb-content-wrapper\">[vc_section][vc_row][vc_column][vc_single_image image=\u00bb1692&#8243; css=\u00bb\u00bb]\t<style>.vcex_69e8a0de96630{height:40px;}@media (max-width:1024px){.vcex_69e8a0de96630{height:30px;}}@media (max-width:959px){.vcex_69e8a0de96630{height:30px;}}@media (max-width:767px){.vcex_69e8a0de96630{height:10px;}}@media (max-width:479px){.vcex_69e8a0de96630{height:10px;}}<\/style>\n<div class=\"vcex-spacing wpex-w-100 wpex-clear vcex_69e8a0de96630\"><\/div>[vc_column_text css=\u00bb\u00bb text_align=\u00bbcenter\u00bb]\n<p style=\"text-align: left;\">En Cl\u00ednica Presage<sup style=\"font-size: 0.7em;\">\u00ae<\/sup>, tu bienestar constituye nuestro mayor compromiso. Desde 2015, nos hemos consolidado como un Centro M\u00e9dico Est\u00e9tico integral en Uruguay, orientado al cuidado de la salud y la est\u00e9tica tanto de hombres como de mujeres. En Presage<sup style=\"font-size: 0.7em;\">\u00ae<\/sup>, promovemos una concepci\u00f3n de belleza consciente, ofreciendo tratamientos personalizados dise\u00f1ados para guiar a nuestros pacientes en cada etapa hacia la consecuci\u00f3n de sus objetivos de bienestar aut\u00e9ntico. Respaldados por un equipo m\u00e9dico altamente calificado, fusionamos salud y est\u00e9tica para proporcionar un servicio de excelencia que transforma la vida de quienes depositan su confianza en nosotros.<\/p>\n[\/vc_column_text]\t<style>.vcex_69e8a0de96a67{height:40px;}@media (max-width:1024px){.vcex_69e8a0de96a67{height:30px;}}@media (max-width:959px){.vcex_69e8a0de96a67{height:30px;}}@media (max-width:767px){.vcex_69e8a0de96a67{height:10px;}}@media (max-width:479px){.vcex_69e8a0de96a67{height:10px;}}<\/style>\n<div class=\"vcex-spacing wpex-w-100 wpex-clear vcex_69e8a0de96a67\"><\/div>[\/vc_column][\/vc_row][vc_row][vc_column width=\u00bb1\/2&#8243;][vc_column_text css=\u00bb\u00bb]\n<p style=\"text-align: left;\">Cl\u00ednica Presage<sup style=\"font-size: 0.7em;\">\u00ae<\/sup> se distingue por su enfoque hol\u00edstico, integrando las dimensiones f\u00edsica y emocional del bienestar. Nuestro objetivo es crear un ambiente en el que cada paciente se sienta contemplado y escuchado, permiti\u00e9ndonos adaptar nuestros tratamientos a sus necesidades individuales.<\/p>\n[\/vc_column_text]\t<style>.vcex_69e8a0de96b91{height:40px;}@media (max-width:1024px){.vcex_69e8a0de96b91{height:30px;}}@media (max-width:959px){.vcex_69e8a0de96b91{height:30px;}}@media (max-width:767px){.vcex_69e8a0de96b91{height:10px;}}@media (max-width:479px){.vcex_69e8a0de96b91{height:10px;}}<\/style>\n<div class=\"vcex-spacing wpex-w-100 wpex-clear vcex_69e8a0de96b91\"><\/div>[vc_single_image image=\u00bb1708&#8243; css=\u00bb\u00bb]\t<style>.vcex_69e8a0de96cb0{height:40px;}@media (max-width:1024px){.vcex_69e8a0de96cb0{height:30px;}}@media (max-width:959px){.vcex_69e8a0de96cb0{height:30px;}}@media (max-width:767px){.vcex_69e8a0de96cb0{height:10px;}}@media (max-width:479px){.vcex_69e8a0de96cb0{height:10px;}}<\/style>\n<div class=\"vcex-spacing wpex-w-100 wpex-clear vcex_69e8a0de96cb0\"><\/div>[vc_column_text css=\u00bb\u00bb]El equipo m\u00e9dico de Cl\u00ednica Presage<sup style=\"font-size: 0.7em;\">\u00ae<\/sup> est\u00e1 formado por profesionales con una s\u00f3lida formaci\u00f3n y experiencia, quienes se mantienen en constante actualizaci\u00f3n sobre las \u00faltimas tendencias y avances en el campo de la est\u00e9tica y la salud. Esto nos permite garantizar que cada tratamiento no solo sea efectivo, sino tambi\u00e9n seguro.[\/vc_column_text][\/vc_column][vc_column width=\u00bb1\/2&#8243;][vc_column_text css=\u00bb\u00bb]\n<p style=\"text-align: left;\">Contamos con una amplia gama de tratamientos est\u00e9ticos m\u00ednimamente invasivos, siempre utilizando tecnolog\u00eda de vanguardia y t\u00e9cnicas avanzadas. Adem\u00e1s, nuestras instalaciones est\u00e1n dise\u00f1adas para ofrecer un espacio acogedor y relajante, propicio para el descanso y el cuidado personal.<\/p>\n[\/vc_column_text]\t<style>.vcex_69e8a0de96dd2{height:40px;}@media (max-width:1024px){.vcex_69e8a0de96dd2{height:30px;}}@media (max-width:959px){.vcex_69e8a0de96dd2{height:30px;}}@media (max-width:767px){.vcex_69e8a0de96dd2{height:10px;}}@media (max-width:479px){.vcex_69e8a0de96dd2{height:10px;}}<\/style>\n<div class=\"vcex-spacing wpex-w-100 wpex-clear vcex_69e8a0de96dd2\"><\/div>[vc_single_image image=\u00bb1711&#8243; css=\u00bb\u00bb]\t<style>.vcex_69e8a0de96efe{height:40px;}@media (max-width:1024px){.vcex_69e8a0de96efe{height:30px;}}@media (max-width:959px){.vcex_69e8a0de96efe{height:30px;}}@media (max-width:767px){.vcex_69e8a0de96efe{height:10px;}}@media (max-width:479px){.vcex_69e8a0de96efe{height:10px;}}<\/style>\n<div class=\"vcex-spacing wpex-w-100 wpex-clear vcex_69e8a0de96efe\"><\/div>[vc_column_text css=\u00bb\u00bb]Promovemos un enfoque preventivo en la salud, educando a nuestros pacientes sobre la importancia de adoptar un estilo de vida saludable. Creemos que la verdadera belleza radica en el bienestar integral, y estamos aqu\u00ed para acompa\u00f1ar a cada persona en su viaje hacia una mejor versi\u00f3n de s\u00ed misma.[\/vc_column_text][\/vc_column][\/vc_row][vc_row][vc_column][vc_column_text css=\u00bb\u00bb]\n<p style=\"text-align: center;\"><strong>Cl\u00ednica Presage<sup style=\"font-size: 0.7em;\">\u00ae<\/sup> surge de un sue\u00f1o y una visi\u00f3n inspiradora, liderada por una direcci\u00f3n con m\u00e1s de 20 a\u00f1os de experiencia internacional en el \u00e1mbito m\u00e9dico-est\u00e9tico.<\/strong><\/p>\n[\/vc_column_text]\t<style>.vcex_69e8a0de97029{height:40px;}@media (max-width:1024px){.vcex_69e8a0de97029{height:30px;}}@media (max-width:959px){.vcex_69e8a0de97029{height:30px;}}@media (max-width:767px){.vcex_69e8a0de97029{height:10px;}}@media (max-width:479px){.vcex_69e8a0de97029{height:10px;}}<\/style>\n<div class=\"vcex-spacing wpex-w-100 wpex-clear vcex_69e8a0de97029\"><\/div>[vc_column_text css=\u00bb\u00bb text_align=\u00bbcenter\u00bb]\n<p style=\"text-align: left;\">A lo largo de nuestra trayectoria, Presage<sup style=\"font-size: 0.7em;\">\u00ae<\/sup> se ha consolidado como uno de los centros m\u00e1s destacados del pa\u00eds, alcanzando los m\u00e1s elevados est\u00e1ndares de calidad, gracias a un equipo m\u00e9dico altamente especializado, que cuenta con formaci\u00f3n avanzada y posgrados en cada uno de los tratamientos que ofrecemos. Nuestro firme compromiso con la excelencia ha sido reconocido a nivel internacional, respaldado por la certificaci\u00f3n ISO, recientemente renovada tras una exhaustiva auditor\u00eda. Este logro no solo garantiza la calidad y seguridad de nuestros protocolos, sino que tambi\u00e9n reafirma nuestra dedicaci\u00f3n a la innovaci\u00f3n y a la excelencia en el sector, posicion\u00e1ndonos como referentes en el cuidado de la salud y la est\u00e9tica.<\/p>\n[\/vc_column_text]\t<style>.vcex_69e8a0de9713d{height:40px;}@media (max-width:1024px){.vcex_69e8a0de9713d{height:30px;}}@media (max-width:959px){.vcex_69e8a0de9713d{height:30px;}}@media (max-width:767px){.vcex_69e8a0de9713d{height:10px;}}@media (max-width:479px){.vcex_69e8a0de9713d{height:10px;}}<\/style>\n<div class=\"vcex-spacing wpex-w-100 wpex-clear vcex_69e8a0de9713d\"><\/div>[vc_media_grid element_width=\u00bb3&#8243; css=\u00bb\u00bb grid_id=\u00bbvc_gid:1746552933241-34a4ff00d6b049c840ddf5e7e2800530-5&#8243; include=\u00bb1710,1709,1717,1685&#8243;][\/vc_column][\/vc_row][\/vc_section]\n<\/div>","protected":false},"excerpt":{"rendered":"<p>[vc_section][vc_row][vc_column][vc_single_image image=\u00bb1692&#8243; css=\u00bb\u00bb][vc_column_text css=\u00bb\u00bb text_align=\u00bbcenter\u00bb] En Cl\u00ednica Presage\u00ae, tu bienestar constituye nuestro mayor compromiso. Desde 2015, nos hemos consolidado como un Centro M\u00e9dico Est\u00e9tico integral en Uruguay, orientado al cuidado de la salud y la est\u00e9tica tanto de hombres como de mujeres. En Presage\u00ae, promovemos una concepci\u00f3n de belleza consciente, ofreciendo tratamientos personalizados dise\u00f1ados para&hellip;<\/p>\n","protected":false},"author":1,"featured_media":0,"parent":0,"menu_order":0,"comment_status":"closed","ping_status":"closed","template":"","meta":{"_joinchat":[],"footnotes":""},"class_list":["post-1682","page","type-page","status-publish","hentry","entry","no-media"],"yoast_head":"<!-- This site is optimized with the Yoast SEO plugin v25.5 - https:\/\/yoast.com\/wordpress\/plugins\/seo\/ -->\n<title>Institucional - Clinica Presage<\/title>\n<meta name=\"robots\" content=\"index, follow, max-snippet:-1, max-image-preview:large, max-video-preview:-1\" \/>\n<link rel=\"canonical\" href=\"https:\/\/clinicapresage.com.uy\/respaldo\/institucional\/\" \/>\n<meta property=\"og:locale\" content=\"es_ES\" \/>\n<meta property=\"og:type\" content=\"article\" \/>\n<meta property=\"og:title\" content=\"Institucional - Clinica Presage\" \/>\n<meta property=\"og:description\" content=\"[vc_section][vc_row][vc_column][vc_single_image image=\u00bb1692&#8243; css=\u00bb\u00bb][vc_column_text css=\u00bb\u00bb text_align=\u00bbcenter\u00bb] En Cl\u00ednica Presage\u00ae, tu bienestar constituye nuestro mayor compromiso. Desde 2015, nos hemos consolidado como un Centro M\u00e9dico Est\u00e9tico integral en Uruguay, orientado al cuidado de la salud y la est\u00e9tica tanto de hombres como de mujeres. En Presage\u00ae, promovemos una concepci\u00f3n de belleza consciente, ofreciendo tratamientos personalizados dise\u00f1ados para&hellip;\" \/>\n<meta property=\"og:url\" content=\"https:\/\/clinicapresage.com.uy\/respaldo\/institucional\/\" \/>\n<meta property=\"og:site_name\" content=\"Clinica Presage\" \/>\n<meta property=\"article:modified_time\" content=\"2025-05-06T17:41:00+00:00\" \/>\n<meta name=\"twitter:card\" content=\"summary_large_image\" \/>\n<meta name=\"twitter:label1\" content=\"Tiempo de lectura\" \/>\n\t<meta name=\"twitter:data1\" content=\"3 minutos\" \/>\n<script type=\"application\/ld+json\" class=\"yoast-schema-graph\">{\"@context\":\"https:\/\/schema.org\",\"@graph\":[{\"@type\":\"WebPage\",\"@id\":\"https:\/\/clinicapresage.com.uy\/respaldo\/institucional\/\",\"url\":\"https:\/\/clinicapresage.com.uy\/respaldo\/institucional\/\",\"name\":\"Institucional - Clinica Presage\",\"isPartOf\":{\"@id\":\"https:\/\/clinicapresage.com.uy\/respaldo\/#website\"},\"datePublished\":\"2024-11-02T16:16:39+00:00\",\"dateModified\":\"2025-05-06T17:41:00+00:00\",\"breadcrumb\":{\"@id\":\"https:\/\/clinicapresage.com.uy\/respaldo\/institucional\/#breadcrumb\"},\"inLanguage\":\"es\",\"potentialAction\":[{\"@type\":\"ReadAction\",\"target\":[\"https:\/\/clinicapresage.com.uy\/respaldo\/institucional\/\"]}]},{\"@type\":\"BreadcrumbList\",\"@id\":\"https:\/\/clinicapresage.com.uy\/respaldo\/institucional\/#breadcrumb\",\"itemListElement\":[{\"@type\":\"ListItem\",\"position\":1,\"name\":\"Portada\",\"item\":\"https:\/\/clinicapresage.com.uy\/respaldo\/\"},{\"@type\":\"ListItem\",\"position\":2,\"name\":\"Institucional\"}]},{\"@type\":\"WebSite\",\"@id\":\"https:\/\/clinicapresage.com.uy\/respaldo\/#website\",\"url\":\"https:\/\/clinicapresage.com.uy\/respaldo\/\",\"name\":\"Clinica Presage\",\"description\":\"ESPECIALIZADOS EN MEDICINA ESTETICA\",\"publisher\":{\"@id\":\"https:\/\/clinicapresage.com.uy\/respaldo\/#organization\"},\"potentialAction\":[{\"@type\":\"SearchAction\",\"target\":{\"@type\":\"EntryPoint\",\"urlTemplate\":\"https:\/\/clinicapresage.com.uy\/respaldo\/?s={search_term_string}\"},\"query-input\":{\"@type\":\"PropertyValueSpecification\",\"valueRequired\":true,\"valueName\":\"search_term_string\"}}],\"inLanguage\":\"es\"},{\"@type\":\"Organization\",\"@id\":\"https:\/\/clinicapresage.com.uy\/respaldo\/#organization\",\"name\":\"Clinica Presage\",\"url\":\"https:\/\/clinicapresage.com.uy\/respaldo\/\",\"logo\":{\"@type\":\"ImageObject\",\"inLanguage\":\"es\",\"@id\":\"https:\/\/clinicapresage.com.uy\/respaldo\/#\/schema\/logo\/image\/\",\"url\":\"https:\/\/clinicapresage.com.uy\/respaldo\/wp-content\/uploads\/2024\/10\/Logos-presage-color.png\",\"contentUrl\":\"https:\/\/clinicapresage.com.uy\/respaldo\/wp-content\/uploads\/2024\/10\/Logos-presage-color.png\",\"width\":600,\"height\":581,\"caption\":\"Clinica Presage\"},\"image\":{\"@id\":\"https:\/\/clinicapresage.com.uy\/respaldo\/#\/schema\/logo\/image\/\"},\"sameAs\":[\"https:\/\/www.instagram.com\/clinicapresage\/\"]}]}<\/script>\n<!-- \/ Yoast SEO plugin. -->","yoast_head_json":{"title":"Institucional - Clinica Presage","robots":{"index":"index","follow":"follow","max-snippet":"max-snippet:-1","max-image-preview":"max-image-preview:large","max-video-preview":"max-video-preview:-1"},"canonical":"https:\/\/clinicapresage.com.uy\/respaldo\/institucional\/","og_locale":"es_ES","og_type":"article","og_title":"Institucional - Clinica Presage","og_description":"[vc_section][vc_row][vc_column][vc_single_image image=\u00bb1692&#8243; css=\u00bb\u00bb][vc_column_text css=\u00bb\u00bb text_align=\u00bbcenter\u00bb] En Cl\u00ednica Presage\u00ae, tu bienestar constituye nuestro mayor compromiso. Desde 2015, nos hemos consolidado como un Centro M\u00e9dico Est\u00e9tico integral en Uruguay, orientado al cuidado de la salud y la est\u00e9tica tanto de hombres como de mujeres. En Presage\u00ae, promovemos una concepci\u00f3n de belleza consciente, ofreciendo tratamientos personalizados dise\u00f1ados para&hellip;","og_url":"https:\/\/clinicapresage.com.uy\/respaldo\/institucional\/","og_site_name":"Clinica Presage","article_modified_time":"2025-05-06T17:41:00+00:00","twitter_card":"summary_large_image","twitter_misc":{"Tiempo de lectura":"3 minutos"},"schema":{"@context":"https:\/\/schema.org","@graph":[{"@type":"WebPage","@id":"https:\/\/clinicapresage.com.uy\/respaldo\/institucional\/","url":"https:\/\/clinicapresage.com.uy\/respaldo\/institucional\/","name":"Institucional - Clinica Presage","isPartOf":{"@id":"https:\/\/clinicapresage.com.uy\/respaldo\/#website"},"datePublished":"2024-11-02T16:16:39+00:00","dateModified":"2025-05-06T17:41:00+00:00","breadcrumb":{"@id":"https:\/\/clinicapresage.com.uy\/respaldo\/institucional\/#breadcrumb"},"inLanguage":"es","potentialAction":[{"@type":"ReadAction","target":["https:\/\/clinicapresage.com.uy\/respaldo\/institucional\/"]}]},{"@type":"BreadcrumbList","@id":"https:\/\/clinicapresage.com.uy\/respaldo\/institucional\/#breadcrumb","itemListElement":[{"@type":"ListItem","position":1,"name":"Portada","item":"https:\/\/clinicapresage.com.uy\/respaldo\/"},{"@type":"ListItem","position":2,"name":"Institucional"}]},{"@type":"WebSite","@id":"https:\/\/clinicapresage.com.uy\/respaldo\/#website","url":"https:\/\/clinicapresage.com.uy\/respaldo\/","name":"Clinica Presage","description":"ESPECIALIZADOS EN MEDICINA ESTETICA","publisher":{"@id":"https:\/\/clinicapresage.com.uy\/respaldo\/#organization"},"potentialAction":[{"@type":"SearchAction","target":{"@type":"EntryPoint","urlTemplate":"https:\/\/clinicapresage.com.uy\/respaldo\/?s={search_term_string}"},"query-input":{"@type":"PropertyValueSpecification","valueRequired":true,"valueName":"search_term_string"}}],"inLanguage":"es"},{"@type":"Organization","@id":"https:\/\/clinicapresage.com.uy\/respaldo\/#organization","name":"Clinica Presage","url":"https:\/\/clinicapresage.com.uy\/respaldo\/","logo":{"@type":"ImageObject","inLanguage":"es","@id":"https:\/\/clinicapresage.com.uy\/respaldo\/#\/schema\/logo\/image\/","url":"https:\/\/clinicapresage.com.uy\/respaldo\/wp-content\/uploads\/2024\/10\/Logos-presage-color.png","contentUrl":"https:\/\/clinicapresage.com.uy\/respaldo\/wp-content\/uploads\/2024\/10\/Logos-presage-color.png","width":600,"height":581,"caption":"Clinica Presage"},"image":{"@id":"https:\/\/clinicapresage.com.uy\/respaldo\/#\/schema\/logo\/image\/"},"sameAs":["https:\/\/www.instagram.com\/clinicapresage\/"]}]}},"_links":{"self":[{"href":"https:\/\/clinicapresage.com.uy\/respaldo\/wp-json\/wp\/v2\/pages\/1682","targetHints":{"allow":["GET"]}}],"collection":[{"href":"https:\/\/clinicapresage.com.uy\/respaldo\/wp-json\/wp\/v2\/pages"}],"about":[{"href":"https:\/\/clinicapresage.com.uy\/respaldo\/wp-json\/wp\/v2\/types\/page"}],"author":[{"embeddable":true,"href":"https:\/\/clinicapresage.com.uy\/respaldo\/wp-json\/wp\/v2\/users\/1"}],"replies":[{"embeddable":true,"href":"https:\/\/clinicapresage.com.uy\/respaldo\/wp-json\/wp\/v2\/comments?post=1682"}],"version-history":[{"count":16,"href":"https:\/\/clinicapresage.com.uy\/respaldo\/wp-json\/wp\/v2\/pages\/1682\/revisions"}],"predecessor-version":[{"id":1844,"href":"https:\/\/clinicapresage.com.uy\/respaldo\/wp-json\/wp\/v2\/pages\/1682\/revisions\/1844"}],"wp:attachment":[{"href":"https:\/\/clinicapresage.com.uy\/respaldo\/wp-json\/wp\/v2\/media?parent=1682"}],"curies":[{"name":"wp","href":"https:\/\/api.w.org\/{rel}","templated":true}]}}